{"id":3592,"date":"2025-03-24T11:28:20","date_gmt":"2025-03-24T11:28:20","guid":{"rendered":"https:\/\/periplast.pt\/?page_id=3592"},"modified":"2026-01-13T11:16:20","modified_gmt":"2026-01-13T11:16:20","slug":"politica-de-cookies","status":"publish","type":"page","link":"https:\/\/periplast.pt\/fr\/politica-de-cookies\/","title":{"rendered":"Politique relative aux cookies"},"content":{"rendered":"<div data-elementor-type=\"wp-page\" data-elementor-id=\"3592\" class=\"elementor elementor-3592\" data-elementor-post-type=\"page\">\n\t\t\t\t<div data-particle_enable=\"false\" data-particle-mobile-disabled=\"false\" class=\"elementor-element elementor-element-e4a1e23 e-flex e-con-boxed e-con e-parent\" data-id=\"e4a1e23\" data-element_type=\"container\" data-e-type=\"container\">\n\t\t\t\t\t<div class=\"e-con-inner\">\n\t\t\t\t<div class=\"elementor-element elementor-element-bef0352 elementor-widget elementor-widget-text-editor\" data-id=\"bef0352\" data-element_type=\"widget\" data-e-type=\"widget\" data-widget_type=\"text-editor.default\">\n\t\t\t\t\t\t\t\t\t<p class=\"\" data-start=\"249\" data-end=\"522\">Esta Pol\u00edtica de Cookies explica o que s\u00e3o cookies, como os utilizamos no nosso website e como pode geri-los de forma informada. Ao continuar a navegar em <a href=\"https:\/\/periplast.pt\/fr\/\" target=\"_new\" rel=\"noopener\" data-start=\"404\" data-end=\"448\">https:\/\/periplast.pt<\/a>, est\u00e1 a concordar com a utiliza\u00e7\u00e3o de cookies, nos termos aqui descritos.<\/p><hr class=\"\" data-start=\"524\" data-end=\"527\" \/><h3 class=\"\" data-start=\"529\" data-end=\"558\">1. <strong data-start=\"536\" data-end=\"558\">O que s\u00e3o cookies?<\/strong><\/h3><p class=\"\" data-start=\"560\" data-end=\"886\">Cookies s\u00e3o pequenos ficheiros de texto que s\u00e3o armazenados no seu dispositivo (computador, smartphone, tablet) quando visita um website. Estes ficheiros recolhem informa\u00e7\u00f5es sobre a sua navega\u00e7\u00e3o com o objetivo de <strong data-start=\"775\" data-end=\"815\">melhorar a experi\u00eancia do utilizador<\/strong>, <strong data-start=\"817\" data-end=\"856\">analisar estat\u00edsticas de utiliza\u00e7\u00e3o<\/strong> e <strong data-start=\"859\" data-end=\"885\">personalizar conte\u00fados<\/strong>.<\/p><hr class=\"\" data-start=\"888\" data-end=\"891\" \/><h3 class=\"\" data-start=\"893\" data-end=\"936\">2. <strong data-start=\"900\" data-end=\"936\">Que tipos de cookies utilizamos?<\/strong><\/h3><h4 class=\"\" data-start=\"938\" data-end=\"982\">a) <strong data-start=\"946\" data-end=\"982\">Cookies estritamente necess\u00e1rios<\/strong><\/h4><p class=\"\" data-start=\"983\" data-end=\"1151\">Essenciais para o funcionamento do website e para garantir funcionalidades b\u00e1sicas como a navega\u00e7\u00e3o e o acesso a \u00e1reas seguras. Estes cookies n\u00e3o podem ser desativados.<\/p><h4 class=\"\" data-start=\"1153\" data-end=\"1197\">b) <strong data-start=\"1161\" data-end=\"1197\">Cookies de desempenho\/anal\u00edticos<\/strong><\/h4><p class=\"\" data-start=\"1198\" data-end=\"1397\">Ajudam-nos a compreender como os visitantes interagem com o site, recolhendo dados anonimizados. Utilizamos, por exemplo, o <strong data-start=\"1322\" data-end=\"1342\">Google Analytics<\/strong> para fins estat\u00edsticos e de melhoria cont\u00ednua do site.<\/p><h4 class=\"\" data-start=\"1399\" data-end=\"1436\">c) <strong data-start=\"1407\" data-end=\"1436\">Cookies de funcionalidade<\/strong><\/h4><p class=\"\" data-start=\"1437\" data-end=\"1540\">Permitem recordar prefer\u00eancias do utilizador (como o idioma) e oferecer funcionalidades personalizadas.<\/p><h4 class=\"\" data-start=\"1542\" data-end=\"1588\">d) <strong data-start=\"1550\" data-end=\"1588\">Cookies de marketing e publicidade<\/strong><\/h4><p class=\"\" data-start=\"1589\" data-end=\"1744\">Podem ser utilizados por plataformas externas (como o Facebook ou o Google) para apresentar an\u00fancios relevantes ao utilizador com base nos seus interesses.<\/p><hr class=\"\" data-start=\"1746\" data-end=\"1749\" \/><h3 class=\"\" data-start=\"1751\" data-end=\"1782\">3. <strong data-start=\"1758\" data-end=\"1782\">Cookies de terceiros<\/strong><\/h3><p class=\"\" data-start=\"1784\" data-end=\"1852\">O nosso website pode incluir cookies de <strong data-start=\"1824\" data-end=\"1845\">servi\u00e7os externos<\/strong>, como:<\/p><ul data-start=\"1853\" data-end=\"1934\"><li class=\"\" data-start=\"1853\" data-end=\"1871\"><p class=\"\" data-start=\"1855\" data-end=\"1871\">Google Analytics<\/p><\/li><li class=\"\" data-start=\"1872\" data-end=\"1884\"><p class=\"\" data-start=\"1874\" data-end=\"1884\">Google Ads<\/p><\/li><li class=\"\" data-start=\"1885\" data-end=\"1901\"><p class=\"\" data-start=\"1887\" data-end=\"1901\">Facebook Pixel<\/p><\/li><li class=\"\" data-start=\"1902\" data-end=\"1934\"><p class=\"\" data-start=\"1904\" data-end=\"1934\">YouTube (integra\u00e7\u00e3o de v\u00eddeos)<\/p><\/li><\/ul><p class=\"\" data-start=\"1936\" data-end=\"2034\">Estes servi\u00e7os seguem as suas pr\u00f3prias pol\u00edticas de privacidade e de cookies, alheias \u00e0 Periplast.<\/p><hr class=\"\" data-start=\"2036\" data-end=\"2039\" \/><h3 class=\"\" data-start=\"2041\" data-end=\"2088\">4. <strong data-start=\"2048\" data-end=\"2088\">Como pode gerir ou desativar cookies<\/strong><\/h3><p class=\"\" data-start=\"2090\" data-end=\"2277\">Pode configurar o seu navegador para <strong data-start=\"2127\" data-end=\"2159\">bloquear ou eliminar cookies<\/strong> a qualquer momento. No entanto, ao faz\u00ea-lo, certas funcionalidades do website podem deixar de funcionar corretamente.<\/p><p class=\"\" data-start=\"2279\" data-end=\"2318\"><strong data-start=\"2279\" data-end=\"2318\">Links \u00fateis para gest\u00e3o de cookies:<\/strong><\/p><ul data-start=\"2319\" data-end=\"2613\"><li class=\"\" data-start=\"2319\" data-end=\"2390\"><p class=\"\" data-start=\"2321\" data-end=\"2390\"><a target=\"_new\" rel=\"noopener\" data-start=\"2321\" data-end=\"2390\">Google Chrome<\/a><\/p><\/li><li class=\"\" data-start=\"2391\" data-end=\"2473\"><p class=\"\" data-start=\"2393\" data-end=\"2473\"><a href=\"https:\/\/support.mozilla.org\/pt-PT\/kb\/ativar-desativar-cookies\" target=\"_new\" rel=\"noopener\" data-start=\"2393\" data-end=\"2473\">Mozilla Firefox<\/a><\/p><\/li><li class=\"\" data-start=\"2474\" data-end=\"2544\"><p class=\"\" data-start=\"2476\" data-end=\"2544\"><a href=\"https:\/\/support.apple.com\/pt-pt\/guide\/safari\/sfri11471\/mac\" target=\"_new\" rel=\"noopener\" data-start=\"2476\" data-end=\"2544\">Safari<\/a><\/p><\/li><li class=\"\" data-start=\"2545\" data-end=\"2613\"><p class=\"\" data-start=\"2547\" data-end=\"2613\"><a href=\"https:\/\/support.microsoft.com\/pt-pt\/help\/4027947\" target=\"_new\" rel=\"noopener\" data-start=\"2547\" data-end=\"2613\">Microsoft Edge<\/a><\/p><\/li><\/ul><hr class=\"\" data-start=\"2615\" data-end=\"2618\" \/><h3 class=\"\" data-start=\"2620\" data-end=\"2657\">5. <strong data-start=\"2627\" data-end=\"2657\">Altera\u00e7\u00f5es a esta pol\u00edtica<\/strong><\/h3><p class=\"\" data-start=\"2659\" data-end=\"2848\">A Periplast reserva-se o direito de atualizar esta Pol\u00edtica de Cookies sempre que necess\u00e1rio. A vers\u00e3o mais recente estar\u00e1 sempre dispon\u00edvel no nosso site, com indica\u00e7\u00e3o da data de revis\u00e3o.<\/p><hr class=\"\" data-start=\"2850\" data-end=\"2853\" \/><p class=\"\" data-start=\"2855\" data-end=\"2893\"><strong data-start=\"2855\" data-end=\"2878\">\u00daltima atualiza\u00e7\u00e3o:<\/strong> 24-03-2025<\/p><p class=\"\" data-start=\"2895\" data-end=\"3038\">Se tiver alguma d\u00favida sobre esta pol\u00edtica ou sobre a forma como usamos cookies, por favor contacte-nos atrav\u00e9s de comercial@periplast.pt\u00a0<\/p>\t\t\t\t\t\t\t\t<\/div>\n\t\t\t\t\t<\/div>\n\t\t\t\t<\/div>\n\t\t\t\t<\/div>","protected":false},"excerpt":{"rendered":"<p>Esta Pol\u00edtica de Cookies explica o que s\u00e3o cookies, como os utilizamos no nosso website e como pode geri-los de forma informada. Ao continuar a navegar em https:\/\/periplast.pt, est\u00e1 a concordar com a utiliza\u00e7\u00e3o de cookies, nos termos aqui descritos. 1. O que s\u00e3o cookies? Cookies s\u00e3o pequenos ficheiros de texto que s\u00e3o armazenados no [&hellip;]<\/p>\n","protected":false},"author":1,"featured_media":0,"parent":0,"menu_order":0,"comment_status":"closed","ping_status":"closed","template":"","meta":{"footnotes":""},"class_list":["post-3592","page","type-page","status-publish","hentry"],"aioseo_notices":[],"_links":{"self":[{"href":"https:\/\/periplast.pt\/fr\/wp-json\/wp\/v2\/pages\/3592","targetHints":{"allow":["GET"]}}],"collection":[{"href":"https:\/\/periplast.pt\/fr\/wp-json\/wp\/v2\/pages"}],"about":[{"href":"https:\/\/periplast.pt\/fr\/wp-json\/wp\/v2\/types\/page"}],"author":[{"embeddable":true,"href":"https:\/\/periplast.pt\/fr\/wp-json\/wp\/v2\/users\/1"}],"replies":[{"embeddable":true,"href":"https:\/\/periplast.pt\/fr\/wp-json\/wp\/v2\/comments?post=3592"}],"version-history":[{"count":0,"href":"https:\/\/periplast.pt\/fr\/wp-json\/wp\/v2\/pages\/3592\/revisions"}],"wp:attachment":[{"href":"https:\/\/periplast.pt\/fr\/wp-json\/wp\/v2\/media?parent=3592"}],"curies":[{"name":"wp","href":"https:\/\/api.w.org\/{rel}","templated":true}]}}