{"id":3,"date":"2023-02-14T10:30:27","date_gmt":"2023-02-14T10:30:27","guid":{"rendered":"http:\/\/novo.periplast.pt\/?page_id=3"},"modified":"2026-01-13T11:20:35","modified_gmt":"2026-01-13T11:20:35","slug":"politica-privacidade-2","status":"publish","type":"page","link":"https:\/\/periplast.pt\/es\/politica-privacidade-2\/","title":{"rendered":"Pol\u00edtica de privacidade"},"content":{"rendered":"\t\t<div data-elementor-type=\"wp-page\" data-elementor-id=\"3\" class=\"elementor elementor-3\" data-elementor-post-type=\"page\">\n\t\t\t\t<div data-particle_enable=\"false\" data-particle-mobile-disabled=\"false\" class=\"elementor-element elementor-element-7be84078 e-flex e-con-boxed e-con e-parent\" data-id=\"7be84078\" data-element_type=\"container\" data-e-type=\"container\">\n\t\t\t\t\t<div class=\"e-con-inner\">\n\t\t\t\t<div class=\"elementor-element elementor-element-5cb0adfa elementor-widget elementor-widget-text-editor\" data-id=\"5cb0adfa\" data-element_type=\"widget\" data-e-type=\"widget\" data-widget_type=\"text-editor.default\">\n\t\t\t\t\t\t\t\t\t<p class=\"\" data-start=\"382\" data-end=\"718\">Na <strong>Periplast-Equipamentos Industriais Lda<\/strong>, levamos a sua privacidade a s\u00e9rio. Esta Pol\u00edtica de Privacidade explica de forma clara e transparente como recolhemos, utilizamos, armazenamos e protegemos os seus dados pessoais, em conformidade com o <strong data-start=\"633\" data-end=\"687\">Regulamento Geral sobre a Prote\u00e7\u00e3o de Dados (RGPD)<\/strong> e demais legisla\u00e7\u00e3o aplic\u00e1vel.<\/p>\n<hr class=\"\" data-start=\"720\" data-end=\"723\">\n<h3 class=\"\" data-start=\"725\" data-end=\"746\">1. <strong data-start=\"732\" data-end=\"746\">Quem somos<\/strong><\/h3>\n<p class=\"\" data-start=\"748\" data-end=\"953\"><strong>Periplast-Equipamentos Industriais Lda<\/strong><br data-start=\"792\" data-end=\"795\"><strong>NIF<\/strong>: 501583726<br data-start=\"813\" data-end=\"816\"><strong>Sede:<\/strong> Rua Central, Moinho de Cima 2430-076 Marinha Grande<br data-start=\"847\" data-end=\"850\"><strong>Email:<\/strong> comercial@periplast.pt<br data-start=\"897\" data-end=\"900\"><strong>Website:<\/strong> <a href=\"https:\/\/periplast.pt\" target=\"_new\" rel=\"noopener\" data-start=\"909\" data-end=\"953\">https:\/\/periplast.pt<\/a><\/p>\n<hr class=\"\" data-start=\"955\" data-end=\"958\">\n<h3 class=\"\" data-start=\"960\" data-end=\"1000\">2. <strong data-start=\"967\" data-end=\"1000\">Que dados pessoais recolhemos<\/strong><\/h3>\n<p class=\"\" data-start=\"1002\" data-end=\"1148\">Poderemos recolher os seguintes dados pessoais atrav\u00e9s do nosso website, formul\u00e1rios de contacto, comunica\u00e7\u00f5es por email ou intera\u00e7\u00f5es comerciais:<\/p>\n<ul data-start=\"1150\" data-end=\"1376\">\n<li class=\"\" data-start=\"1150\" data-end=\"1156\">\n<p class=\"\" data-start=\"1152\" data-end=\"1156\">Nome<\/p>\n<\/li>\n<li class=\"\" data-start=\"1157\" data-end=\"1164\">\n<p class=\"\" data-start=\"1159\" data-end=\"1164\">Email<\/p>\n<\/li>\n<li class=\"\" data-start=\"1165\" data-end=\"1186\">\n<p class=\"\" data-start=\"1167\" data-end=\"1186\">Contacto telef\u00f3nico<\/p>\n<\/li>\n<li class=\"\" data-start=\"1187\" data-end=\"1204\">\n<p class=\"\" data-start=\"1189\" data-end=\"1204\">Empresa e cargo<\/p>\n<\/li>\n<li class=\"\" data-start=\"1205\" data-end=\"1254\">\n<p class=\"\" data-start=\"1207\" data-end=\"1254\">Morada (caso necess\u00e1rio para envio de material)<\/p>\n<\/li>\n<li class=\"\" data-start=\"1255\" data-end=\"1294\">\n<p class=\"\" data-start=\"1257\" data-end=\"1294\">Dados de fatura\u00e7\u00e3o (quando aplic\u00e1vel)<\/p>\n<\/li>\n<li class=\"\" data-start=\"1295\" data-end=\"1376\">\n<p class=\"\" data-start=\"1297\" data-end=\"1376\">Informa\u00e7\u00e3o t\u00e9cnica sobre a utiliza\u00e7\u00e3o do website (cookies, IP, navegador, etc.)<\/p>\n<\/li>\n<\/ul>\n<hr class=\"\" data-start=\"1378\" data-end=\"1381\">\n<h3 class=\"\" data-start=\"1383\" data-end=\"1424\">3. <strong data-start=\"1390\" data-end=\"1424\">Finalidade da recolha de dados<\/strong><\/h3>\n<p class=\"\" data-start=\"1426\" data-end=\"1474\">Recolhemos os seus dados para os seguintes fins:<\/p>\n<ul data-start=\"1476\" data-end=\"1770\">\n<li class=\"\" data-start=\"1476\" data-end=\"1524\">\n<p class=\"\" data-start=\"1478\" data-end=\"1524\">Responder a pedidos de contacto ou informa\u00e7\u00f5es<\/p>\n<\/li>\n<li class=\"\" data-start=\"1525\" data-end=\"1561\">\n<p class=\"\" data-start=\"1527\" data-end=\"1561\">Elabora\u00e7\u00e3o de propostas comerciais<\/p>\n<\/li>\n<li class=\"\" data-start=\"1562\" data-end=\"1597\">\n<p class=\"\" data-start=\"1564\" data-end=\"1597\">Gest\u00e3o de clientes e fornecedores<\/p>\n<\/li>\n<li class=\"\" data-start=\"1598\" data-end=\"1670\">\n<p class=\"\" data-start=\"1600\" data-end=\"1670\">Envio de newsletters e comunica\u00e7\u00f5es institucionais (com consentimento)<\/p>\n<\/li>\n<li class=\"\" data-start=\"1671\" data-end=\"1715\">\n<p class=\"\" data-start=\"1673\" data-end=\"1715\">Cumprimento de obriga\u00e7\u00f5es legais e fiscais<\/p>\n<\/li>\n<li class=\"\" data-start=\"1716\" data-end=\"1770\">\n<p class=\"\" data-start=\"1718\" data-end=\"1770\">Melhorar a experi\u00eancia de navega\u00e7\u00e3o no nosso website<\/p>\n<\/li>\n<\/ul>\n<hr class=\"\" data-start=\"1772\" data-end=\"1775\">\n<h3 class=\"\" data-start=\"1777\" data-end=\"1816\">4. <strong data-start=\"1784\" data-end=\"1816\">Base legal para o tratamento<\/strong><\/h3>\n<p class=\"\" data-start=\"1818\" data-end=\"1852\">Os dados s\u00e3o tratados com base em:<\/p>\n<ul data-start=\"1854\" data-end=\"2074\">\n<li class=\"\" data-start=\"1854\" data-end=\"1897\">\n<p class=\"\" data-start=\"1856\" data-end=\"1897\">Consentimento do titular (ex. newsletter)<\/p>\n<\/li>\n<li class=\"\" data-start=\"1898\" data-end=\"1952\">\n<p class=\"\" data-start=\"1900\" data-end=\"1952\">Execu\u00e7\u00e3o de contratos ou dilig\u00eancias pr\u00e9-contratuais<\/p>\n<\/li>\n<li class=\"\" data-start=\"1953\" data-end=\"1987\">\n<p class=\"\" data-start=\"1955\" data-end=\"1987\">Cumprimento de obriga\u00e7\u00f5es legais<\/p>\n<\/li>\n<li class=\"\" data-start=\"1988\" data-end=\"2074\">\n<p class=\"\" data-start=\"1990\" data-end=\"2074\">Interesse leg\u00edtimo da Periplast, nomeadamente na melhoria cont\u00ednua dos seus servi\u00e7os<\/p>\n<\/li>\n<\/ul>\n<hr class=\"\" data-start=\"2076\" data-end=\"2079\">\n<h3 class=\"\" data-start=\"2081\" data-end=\"2123\">5. <strong data-start=\"2088\" data-end=\"2123\">Partilha de dados com terceiros<\/strong><\/h3>\n<p class=\"\" data-start=\"2125\" data-end=\"2456\">A Periplast <strong data-start=\"2137\" data-end=\"2197\">n\u00e3o vende, aluga ou partilha os seus dados com terceiros<\/strong> para fins comerciais. Apenas partilhamos dados com prestadores de servi\u00e7os que atuam em nosso nome (ex: servi\u00e7os de alojamento, software de CRM, contabilidade), e apenas na medida do estritamente necess\u00e1rio, garantindo sempre a confidencialidade e seguran\u00e7a.<\/p>\n<hr class=\"\" data-start=\"2458\" data-end=\"2461\">\n<h3 class=\"\" data-start=\"2463\" data-end=\"2495\">6. <strong data-start=\"2470\" data-end=\"2495\">Conserva\u00e7\u00e3o dos dados<\/strong><\/h3>\n<p class=\"\" data-start=\"2497\" data-end=\"2680\">Os seus dados pessoais ser\u00e3o conservados apenas pelo tempo necess\u00e1rio para cumprir a finalidade para a qual foram recolhidos, ou durante o per\u00edodo exigido por lei (ex: dados fiscais).<\/p>\n<hr class=\"\" data-start=\"2682\" data-end=\"2685\">\n<h3 class=\"\" data-start=\"2687\" data-end=\"2717\">7. <strong data-start=\"2694\" data-end=\"2717\">Seguran\u00e7a dos dados<\/strong><\/h3>\n<p class=\"\" data-start=\"2719\" data-end=\"2879\">Implementamos medidas t\u00e9cnicas e organizativas adequadas para proteger os seus dados pessoais contra acesso n\u00e3o autorizado, altera\u00e7\u00e3o, divulga\u00e7\u00e3o ou destrui\u00e7\u00e3o.<\/p>\n<hr class=\"\" data-start=\"2881\" data-end=\"2884\">\n<h3 class=\"\" data-start=\"2886\" data-end=\"2928\">8. <strong data-start=\"2893\" data-end=\"2928\">Direitos dos titulares de dados<\/strong><\/h3>\n<p class=\"\" data-start=\"2930\" data-end=\"2974\">Enquanto titular de dados, tem o direito de:<\/p>\n<ul data-start=\"2976\" data-end=\"3244\">\n<li class=\"\" data-start=\"2976\" data-end=\"3008\">\n<p class=\"\" data-start=\"2978\" data-end=\"3008\">Aceder aos seus dados pessoais<\/p>\n<\/li>\n<li class=\"\" data-start=\"3009\" data-end=\"3054\">\n<p class=\"\" data-start=\"3011\" data-end=\"3054\">Solicitar a retifica\u00e7\u00e3o de dados incorretos<\/p>\n<\/li>\n<li class=\"\" data-start=\"3055\" data-end=\"3117\">\n<p class=\"\" data-start=\"3057\" data-end=\"3117\">Solicitar o apagamento dos dados (&#8220;direito ao esquecimento&#8221;)<\/p>\n<\/li>\n<li class=\"\" data-start=\"3118\" data-end=\"3162\">\n<p class=\"\" data-start=\"3120\" data-end=\"3162\">Opor-se ao tratamento ou limitar o seu uso<\/p>\n<\/li>\n<li class=\"\" data-start=\"3163\" data-end=\"3206\">\n<p class=\"\" data-start=\"3165\" data-end=\"3206\">Retirar o consentimento, quando aplic\u00e1vel<\/p>\n<\/li>\n<li class=\"\" data-start=\"3207\" data-end=\"3244\">\n<p class=\"\" data-start=\"3209\" data-end=\"3244\">Solicitar a portabilidade dos dados<\/p>\n<\/li>\n<\/ul>\n<p class=\"\" data-start=\"3246\" data-end=\"3344\">Pode exercer os seus direitos enviando um email para comercial@periplast.pt<\/p>\n<hr class=\"\" data-start=\"3346\" data-end=\"3349\">\n<h3 class=\"\" data-start=\"3351\" data-end=\"3369\">9. <strong data-start=\"3358\" data-end=\"3369\">Cookies<\/strong><\/h3>\n<p class=\"\" data-start=\"3371\" data-end=\"3571\">O nosso website utiliza cookies para melhorar a sua experi\u00eancia de navega\u00e7\u00e3o. Pode configurar o seu navegador para recusar ou bloquear cookies. Para saber mais, consulte a nossa [Pol\u00edtica de Cookies].<\/p>\n<hr class=\"\" data-start=\"3573\" data-end=\"3576\">\n<h3 class=\"\" data-start=\"3578\" data-end=\"3616\">10. <strong data-start=\"3586\" data-end=\"3616\">Altera\u00e7\u00f5es a esta pol\u00edtica<\/strong><\/h3>\n<p class=\"\" data-start=\"3618\" data-end=\"3806\">A Periplast pode atualizar esta Pol\u00edtica de Privacidade sempre que necess\u00e1rio. A vers\u00e3o mais recente estar\u00e1 sempre dispon\u00edvel no nosso website, com indica\u00e7\u00e3o da data da \u00faltima atualiza\u00e7\u00e3o.<\/p>\n<hr class=\"\" data-start=\"3808\" data-end=\"3811\">\n<p class=\"\" data-start=\"3813\" data-end=\"3865\"><strong data-start=\"3813\" data-end=\"3836\">\u00daltima atualiza\u00e7\u00e3o:<\/strong> 24-03-2025<\/p>\t\t\t\t\t\t\t\t<\/div>\n\t\t\t\t\t<\/div>\n\t\t\t\t<\/div>\n\t\t\t\t<\/div>\n\t\t","protected":false},"excerpt":{"rendered":"<p>Na Periplast-Equipamentos Industriais Lda, levamos a sua privacidade a s\u00e9rio. Esta Pol\u00edtica de Privacidade explica de forma clara e transparente como recolhemos, utilizamos, armazenamos e protegemos os seus dados pessoais, em conformidade com o Regulamento Geral sobre a Prote\u00e7\u00e3o de Dados (RGPD) e demais legisla\u00e7\u00e3o aplic\u00e1vel. 1. Quem somos Periplast-Equipamentos Industriais LdaNIF: 501583726Sede: Rua Central, [&hellip;]<\/p>\n","protected":false},"author":1,"featured_media":0,"parent":0,"menu_order":0,"comment_status":"closed","ping_status":"open","template":"","meta":{"footnotes":""},"class_list":["post-3","page","type-page","status-publish","hentry"],"aioseo_notices":[],"_links":{"self":[{"href":"https:\/\/periplast.pt\/es\/wp-json\/wp\/v2\/pages\/3","targetHints":{"allow":["GET"]}}],"collection":[{"href":"https:\/\/periplast.pt\/es\/wp-json\/wp\/v2\/pages"}],"about":[{"href":"https:\/\/periplast.pt\/es\/wp-json\/wp\/v2\/types\/page"}],"author":[{"embeddable":true,"href":"https:\/\/periplast.pt\/es\/wp-json\/wp\/v2\/users\/1"}],"replies":[{"embeddable":true,"href":"https:\/\/periplast.pt\/es\/wp-json\/wp\/v2\/comments?post=3"}],"version-history":[{"count":0,"href":"https:\/\/periplast.pt\/es\/wp-json\/wp\/v2\/pages\/3\/revisions"}],"wp:attachment":[{"href":"https:\/\/periplast.pt\/es\/wp-json\/wp\/v2\/media?parent=3"}],"curies":[{"name":"wp","href":"https:\/\/api.w.org\/{rel}","templated":true}]}}